{"id":30656,"date":"2024-09-19T13:57:36","date_gmt":"2024-09-19T11:57:36","guid":{"rendered":"https:\/\/utveckling.visiondevelop.nu\/orust\/service\/"},"modified":"2024-12-10T09:41:45","modified_gmt":"2024-12-10T08:41:45","slug":"service","status":"publish","type":"page","link":"https:\/\/ofab.se\/en\/service\/","title":{"rendered":"Service"},"content":{"rendered":"<p>[et_pb_section fb_built=&#8221;1&#8243; custom_padding_last_edited=&#8221;on|phone&#8221; module_class=&#8221;breadcrumb-area-wrapper&#8221; _builder_version=&#8221;4.27.0&#8243; _dynamic_attributes=&#8221;background_image&#8221; background_color=&#8221;#000000&#8243; use_background_color_gradient=&#8221;on&#8221; background_color_gradient_stops=&#8221;rgba(0,0,0,0.6) 0%|rgba(0,0,0,0.6) 100%&#8221; background_color_gradient_overlays_image=&#8221;on&#8221; background_image=&#8221;@ET-DC@eyJkeW5hbWljIjp0cnVlLCJjb250ZW50IjoicG9zdF9mZWF0dXJlZF9pbWFnZSIsInNldHRpbmdzIjp7fX0=@&#8221; custom_padding=&#8221;120px||120px||true|false&#8221; custom_padding_tablet=&#8221;100px||100px||true|false&#8221; custom_padding_phone=&#8221;80px||80px||true|false&#8221; saved_tabs=&#8221;all&#8221; locked=&#8221;off&#8221; global_colors_info=&#8221;{}&#8221;][et_pb_row _builder_version=&#8221;4.27.0&#8243; custom_padding=&#8221;0px||0px||true|false&#8221; global_colors_info=&#8221;{}&#8221;][et_pb_column type=&#8221;4_4&#8243; _builder_version=&#8221;4.16&#8243; custom_padding=&#8221;|||&#8221; global_colors_info=&#8221;{}&#8221; custom_padding__hover=&#8221;|||&#8221;][et_pb_post_title meta=&#8221;off&#8221; featured_image=&#8221;off&#8221; _builder_version=&#8221;4.27.0&#8243; title_font=&#8221;&#8211;et_global_body_font|700|||||||&#8221; title_text_align=&#8221;center&#8221; title_text_color=&#8221;#ffffff&#8221; title_font_size=&#8221;50px&#8221; title_font_size_tablet=&#8221;40px&#8221; title_font_size_phone=&#8221;36px&#8221; title_font_size_last_edited=&#8221;on|desktop&#8221; global_colors_info=&#8221;{}&#8221;][\/et_pb_post_title][\/et_pb_column][\/et_pb_row][\/et_pb_section][et_pb_section fb_built=&#8221;1&#8243; custom_padding_last_edited=&#8221;on|desktop&#8221; module_class=&#8221;row-reverse&#8221; _builder_version=&#8221;4.27.0&#8243; background_color=&#8221;#ededed&#8221; custom_padding=&#8221;80px|0px|80px|0px|true|false&#8221; custom_padding_tablet=&#8221;60px||60px||true|false&#8221; custom_padding_phone=&#8221;40px||40px||true|false&#8221; global_colors_info=&#8221;{}&#8221;][et_pb_row column_structure=&#8221;1_2,1_2&#8243; make_equal=&#8221;on&#8221; _builder_version=&#8221;4.27.0&#8243; width=&#8221;90%&#8221; custom_padding=&#8221;0px|0px|0px|0px|true|false&#8221; global_colors_info=&#8221;{}&#8221;][et_pb_column type=&#8221;1_2&#8243; module_class=&#8221;v-center&#8221; _builder_version=&#8221;4.27.0&#8243; custom_padding=&#8221;|||&#8221; global_colors_info=&#8221;{}&#8221; custom_padding__hover=&#8221;|||&#8221;][et_pb_text _builder_version=&#8221;4.27.4&#8243; header_font=&#8221;&#8211;et_global_body_font|700|||||||&#8221; header_text_color=&#8221;#263D91&#8243; header_font_size=&#8221;40px&#8221; header_line_height=&#8221;1.2em&#8221; header_2_font=&#8221;&#8211;et_global_body_font|700|||||||&#8221; header_2_text_color=&#8221;#263D91&#8243; header_2_font_size=&#8221;32px&#8221; header_2_line_height=&#8221;1.2em&#8221; header_3_font=&#8221;&#8211;et_global_body_font|700|||||||&#8221; header_3_text_color=&#8221;#263D91&#8243; header_3_font_size=&#8221;26px&#8221; header_3_line_height=&#8221;1.2em&#8221; custom_padding=&#8221;|||&#8221; header_font_size_tablet=&#8221;36px&#8221; header_font_size_phone=&#8221;30px&#8221; header_font_size_last_edited=&#8221;on|phone&#8221; header_2_font_size_tablet=&#8221;&#8221; header_2_font_size_phone=&#8221;28px&#8221; header_2_font_size_last_edited=&#8221;on|phone&#8221; header_3_font_size_tablet=&#8221;&#8221; header_3_font_size_phone=&#8221;22px&#8221; header_3_font_size_last_edited=&#8221;on|phone&#8221; global_colors_info=&#8221;{}&#8221;]<\/p>\n<h2>Motorer vi servar<\/h2>\n<p>Sulzer, MAK, Peilstick, Deutz, Volvo, Volvo Penta, Scania, MAN, MAN B&amp;W, Yanmar, MTU, Mitsubishi marine diesel, KaMeWa, Hanshin, Cummins, CAT, Caterpillar marine power, Bergen diesel, Bergen B32-40, Caterpillar 3412, Deutz 514, Deutz 540, Deutz 545, Deutz 628, Deutz 645, Deutz 816,<\/p>\n<h3>Kunder<\/h3>\n<p>Tarbit, Stena, TT-Line, Petroleum Geo Service, DFDS, Finnlines, Falkvarv AB, Sj\u00f6fartsverket, Svitzer, SCA, Wallenius Marine, Viking Supply, Uman shipping med flera.<\/p>\n<p>Akzo nobel, Bilfinger, BIS, BIS production, Polyeten, Borealis polyeten, Borealis kracken, Borealis kracker, Nordic paper s\u00e4ffle, Kockums, Mets\u00e4 tissue, Mets\u00e4 tissue mariestad, Santasalo, Santasalo gears, Dalkia, Inovyn, Ineos, Munksj\u00f6 paper, Munksj\u00f6 paper j\u00f6nk\u00f6ping, MVAB, SKF.<\/p>\n<h3>Industriarbeten<\/h3>\n<p>Torkcylinder, cylinderlager, uppriktning, teodolit, laser, fixturlaser, easylaser, optaline, SKF lager, lagerbyte, maskinbearbetning, maskinarbeten, pappersmaskin, pappersmassa, massamaskin, v\u00e5tparti, pressparti, hydraulmutter, HMV mutter<\/p>\n<p>Vi jobbar med kunder runt hela v\u00e4rlden.<\/p>\n<p>[\/et_pb_text][\/et_pb_column][et_pb_column type=&#8221;1_2&#8243; module_class=&#8221;v-center&#8221; _builder_version=&#8221;4.27.0&#8243; custom_padding=&#8221;|||&#8221; global_colors_info=&#8221;{}&#8221; custom_padding__hover=&#8221;|||&#8221;][et_pb_image src=&#8221;https:\/\/ofab.se\/wp-content\/uploads\/2024\/09\/industri-torn-900_large.jpg&#8221; title_text=&#8221;industri torn 900_large&#8221; align_tablet=&#8221;center&#8221; align_phone=&#8221;&#8221; align_last_edited=&#8221;on|desktop&#8221; _builder_version=&#8221;4.27.0&#8243; global_colors_info=&#8221;{}&#8221;][\/et_pb_image][\/et_pb_column][\/et_pb_row][\/et_pb_section]<!--ab6ca--><!--ab6ca--><\/p>\n","protected":false},"excerpt":{"rendered":"<p>Motorer vi servar Sulzer, MAK, Peilstick, Deutz, Volvo, Volvo Penta, Scania, MAN, MAN B&amp;W, Yanmar, MTU, Mitsubishi marine diesel, KaMeWa, Hanshin, Cummins, CAT, Caterpillar marine power, Bergen diesel, Bergen B32-40, Caterpillar 3412, Deutz 514, Deutz 540, Deutz 545, Deutz 628, Deutz 645, Deutz 816, Kunder Tarbit, Stena, TT-Line, Petroleum Geo Service, DFDS, Finnlines, Falkvarv AB, [&hellip;]<\/p>\n","protected":false},"author":1,"featured_media":30622,"parent":0,"menu_order":0,"comment_status":"closed","ping_status":"closed","template":"","meta":{"_et_pb_use_builder":"on","_et_pb_old_content":"","_et_gb_content_width":"","footnotes":""},"class_list":["post-30656","page","type-page","status-publish","has-post-thumbnail","hentry"],"yoast_head":"<!-- This site is optimized with the Yoast SEO plugin v27.4 - https:\/\/yoast.com\/product\/yoast-seo-wordpress\/ -->\n<title>Service - Orust Fartygsservice<\/title>\n<meta name=\"robots\" content=\"index, follow, max-snippet:-1, max-image-preview:large, max-video-preview:-1\" \/>\n<link rel=\"canonical\" href=\"https:\/\/ofab.se\/en\/service\/\" \/>\n<meta property=\"og:locale\" content=\"en_US\" \/>\n<meta property=\"og:type\" content=\"article\" \/>\n<meta property=\"og:title\" content=\"Service - Orust Fartygsservice\" \/>\n<meta property=\"og:description\" content=\"Motorer vi servar Sulzer, MAK, Peilstick, Deutz, Volvo, Volvo Penta, Scania, MAN, MAN B&amp;W, Yanmar, MTU, Mitsubishi marine diesel, KaMeWa, Hanshin, Cummins, CAT, Caterpillar marine power, Bergen diesel, Bergen B32-40, Caterpillar 3412, Deutz 514, Deutz 540, Deutz 545, Deutz 628, Deutz 645, Deutz 816, Kunder Tarbit, Stena, TT-Line, Petroleum Geo Service, DFDS, Finnlines, Falkvarv AB, [&hellip;]\" \/>\n<meta property=\"og:url\" content=\"https:\/\/ofab.se\/en\/service\/\" \/>\n<meta property=\"og:site_name\" content=\"Orust Fartygsservice\" \/>\n<meta property=\"article:publisher\" content=\"https:\/\/www.facebook.com\/profile.php?id=100063565870719\" \/>\n<meta property=\"article:modified_time\" content=\"2024-12-10T08:41:45+00:00\" \/>\n<meta property=\"og:image\" content=\"https:\/\/ofab.se\/wp-content\/uploads\/2024\/09\/Boat-Cars-Bridge.jpg\" \/>\n\t<meta property=\"og:image:width\" content=\"1280\" \/>\n\t<meta property=\"og:image:height\" content=\"853\" \/>\n\t<meta property=\"og:image:type\" content=\"image\/jpeg\" \/>\n<meta name=\"twitter:card\" content=\"summary_large_image\" \/>\n<meta name=\"twitter:label1\" content=\"Est. reading time\" \/>\n\t<meta name=\"twitter:data1\" content=\"3 minutes\" \/>\n<script type=\"application\/ld+json\" class=\"yoast-schema-graph\">{\"@context\":\"https:\\\/\\\/schema.org\",\"@graph\":[{\"@type\":\"WebPage\",\"@id\":\"https:\\\/\\\/ofab.se\\\/en\\\/service\\\/\",\"url\":\"https:\\\/\\\/ofab.se\\\/en\\\/service\\\/\",\"name\":\"Service - Orust Fartygsservice\",\"isPartOf\":{\"@id\":\"https:\\\/\\\/ofab.se\\\/#website\"},\"primaryImageOfPage\":{\"@id\":\"https:\\\/\\\/ofab.se\\\/en\\\/service\\\/#primaryimage\"},\"image\":{\"@id\":\"https:\\\/\\\/ofab.se\\\/en\\\/service\\\/#primaryimage\"},\"thumbnailUrl\":\"https:\\\/\\\/ofab.se\\\/wp-content\\\/uploads\\\/2024\\\/09\\\/Boat-Cars-Bridge.jpg\",\"datePublished\":\"2024-09-19T11:57:36+00:00\",\"dateModified\":\"2024-12-10T08:41:45+00:00\",\"breadcrumb\":{\"@id\":\"https:\\\/\\\/ofab.se\\\/en\\\/service\\\/#breadcrumb\"},\"inLanguage\":\"en-US\",\"potentialAction\":[{\"@type\":\"ReadAction\",\"target\":[\"https:\\\/\\\/ofab.se\\\/en\\\/service\\\/\"]}]},{\"@type\":\"ImageObject\",\"inLanguage\":\"en-US\",\"@id\":\"https:\\\/\\\/ofab.se\\\/en\\\/service\\\/#primaryimage\",\"url\":\"https:\\\/\\\/ofab.se\\\/wp-content\\\/uploads\\\/2024\\\/09\\\/Boat-Cars-Bridge.jpg\",\"contentUrl\":\"https:\\\/\\\/ofab.se\\\/wp-content\\\/uploads\\\/2024\\\/09\\\/Boat-Cars-Bridge.jpg\",\"width\":1280,\"height\":853},{\"@type\":\"BreadcrumbList\",\"@id\":\"https:\\\/\\\/ofab.se\\\/en\\\/service\\\/#breadcrumb\",\"itemListElement\":[{\"@type\":\"ListItem\",\"position\":1,\"name\":\"Hem\",\"item\":\"https:\\\/\\\/ofab.se\\\/en\\\/home\\\/\"},{\"@type\":\"ListItem\",\"position\":2,\"name\":\"Service\"}]},{\"@type\":\"WebSite\",\"@id\":\"https:\\\/\\\/ofab.se\\\/#website\",\"url\":\"https:\\\/\\\/ofab.se\\\/\",\"name\":\"Orust Fartygsservice\",\"description\":\"\",\"publisher\":{\"@id\":\"https:\\\/\\\/ofab.se\\\/#organization\"},\"potentialAction\":[{\"@type\":\"SearchAction\",\"target\":{\"@type\":\"EntryPoint\",\"urlTemplate\":\"https:\\\/\\\/ofab.se\\\/?s={search_term_string}\"},\"query-input\":{\"@type\":\"PropertyValueSpecification\",\"valueRequired\":true,\"valueName\":\"search_term_string\"}}],\"inLanguage\":\"en-US\"},{\"@type\":\"Organization\",\"@id\":\"https:\\\/\\\/ofab.se\\\/#organization\",\"name\":\"Orust Fartygsservice\",\"url\":\"https:\\\/\\\/ofab.se\\\/\",\"logo\":{\"@type\":\"ImageObject\",\"inLanguage\":\"en-US\",\"@id\":\"https:\\\/\\\/ofab.se\\\/#\\\/schema\\\/logo\\\/image\\\/\",\"url\":\"https:\\\/\\\/ofab.se\\\/wp-content\\\/uploads\\\/2024\\\/12\\\/logo.jpg\",\"contentUrl\":\"https:\\\/\\\/ofab.se\\\/wp-content\\\/uploads\\\/2024\\\/12\\\/logo.jpg\",\"width\":396,\"height\":59,\"caption\":\"Orust Fartygsservice\"},\"image\":{\"@id\":\"https:\\\/\\\/ofab.se\\\/#\\\/schema\\\/logo\\\/image\\\/\"},\"sameAs\":[\"https:\\\/\\\/www.facebook.com\\\/profile.php?id=100063565870719\"]}]}<\/script>\n<!-- \/ Yoast SEO plugin. -->","yoast_head_json":{"title":"Service - Orust Fartygsservice","robots":{"index":"index","follow":"follow","max-snippet":"max-snippet:-1","max-image-preview":"max-image-preview:large","max-video-preview":"max-video-preview:-1"},"canonical":"https:\/\/ofab.se\/en\/service\/","og_locale":"en_US","og_type":"article","og_title":"Service - Orust Fartygsservice","og_description":"Motorer vi servar Sulzer, MAK, Peilstick, Deutz, Volvo, Volvo Penta, Scania, MAN, MAN B&amp;W, Yanmar, MTU, Mitsubishi marine diesel, KaMeWa, Hanshin, Cummins, CAT, Caterpillar marine power, Bergen diesel, Bergen B32-40, Caterpillar 3412, Deutz 514, Deutz 540, Deutz 545, Deutz 628, Deutz 645, Deutz 816, Kunder Tarbit, Stena, TT-Line, Petroleum Geo Service, DFDS, Finnlines, Falkvarv AB, [&hellip;]","og_url":"https:\/\/ofab.se\/en\/service\/","og_site_name":"Orust Fartygsservice","article_publisher":"https:\/\/www.facebook.com\/profile.php?id=100063565870719","article_modified_time":"2024-12-10T08:41:45+00:00","og_image":[{"width":1280,"height":853,"url":"https:\/\/ofab.se\/wp-content\/uploads\/2024\/09\/Boat-Cars-Bridge.jpg","type":"image\/jpeg"}],"twitter_card":"summary_large_image","twitter_misc":{"Est. reading time":"3 minutes"},"schema":{"@context":"https:\/\/schema.org","@graph":[{"@type":"WebPage","@id":"https:\/\/ofab.se\/en\/service\/","url":"https:\/\/ofab.se\/en\/service\/","name":"Service - Orust Fartygsservice","isPartOf":{"@id":"https:\/\/ofab.se\/#website"},"primaryImageOfPage":{"@id":"https:\/\/ofab.se\/en\/service\/#primaryimage"},"image":{"@id":"https:\/\/ofab.se\/en\/service\/#primaryimage"},"thumbnailUrl":"https:\/\/ofab.se\/wp-content\/uploads\/2024\/09\/Boat-Cars-Bridge.jpg","datePublished":"2024-09-19T11:57:36+00:00","dateModified":"2024-12-10T08:41:45+00:00","breadcrumb":{"@id":"https:\/\/ofab.se\/en\/service\/#breadcrumb"},"inLanguage":"en-US","potentialAction":[{"@type":"ReadAction","target":["https:\/\/ofab.se\/en\/service\/"]}]},{"@type":"ImageObject","inLanguage":"en-US","@id":"https:\/\/ofab.se\/en\/service\/#primaryimage","url":"https:\/\/ofab.se\/wp-content\/uploads\/2024\/09\/Boat-Cars-Bridge.jpg","contentUrl":"https:\/\/ofab.se\/wp-content\/uploads\/2024\/09\/Boat-Cars-Bridge.jpg","width":1280,"height":853},{"@type":"BreadcrumbList","@id":"https:\/\/ofab.se\/en\/service\/#breadcrumb","itemListElement":[{"@type":"ListItem","position":1,"name":"Hem","item":"https:\/\/ofab.se\/en\/home\/"},{"@type":"ListItem","position":2,"name":"Service"}]},{"@type":"WebSite","@id":"https:\/\/ofab.se\/#website","url":"https:\/\/ofab.se\/","name":"Orust Fartygsservice","description":"","publisher":{"@id":"https:\/\/ofab.se\/#organization"},"potentialAction":[{"@type":"SearchAction","target":{"@type":"EntryPoint","urlTemplate":"https:\/\/ofab.se\/?s={search_term_string}"},"query-input":{"@type":"PropertyValueSpecification","valueRequired":true,"valueName":"search_term_string"}}],"inLanguage":"en-US"},{"@type":"Organization","@id":"https:\/\/ofab.se\/#organization","name":"Orust Fartygsservice","url":"https:\/\/ofab.se\/","logo":{"@type":"ImageObject","inLanguage":"en-US","@id":"https:\/\/ofab.se\/#\/schema\/logo\/image\/","url":"https:\/\/ofab.se\/wp-content\/uploads\/2024\/12\/logo.jpg","contentUrl":"https:\/\/ofab.se\/wp-content\/uploads\/2024\/12\/logo.jpg","width":396,"height":59,"caption":"Orust Fartygsservice"},"image":{"@id":"https:\/\/ofab.se\/#\/schema\/logo\/image\/"},"sameAs":["https:\/\/www.facebook.com\/profile.php?id=100063565870719"]}]}},"_links":{"self":[{"href":"https:\/\/ofab.se\/en\/wp-json\/wp\/v2\/pages\/30656","targetHints":{"allow":["GET"]}}],"collection":[{"href":"https:\/\/ofab.se\/en\/wp-json\/wp\/v2\/pages"}],"about":[{"href":"https:\/\/ofab.se\/en\/wp-json\/wp\/v2\/types\/page"}],"author":[{"embeddable":true,"href":"https:\/\/ofab.se\/en\/wp-json\/wp\/v2\/users\/1"}],"replies":[{"embeddable":true,"href":"https:\/\/ofab.se\/en\/wp-json\/wp\/v2\/comments?post=30656"}],"version-history":[{"count":7,"href":"https:\/\/ofab.se\/en\/wp-json\/wp\/v2\/pages\/30656\/revisions"}],"predecessor-version":[{"id":30806,"href":"https:\/\/ofab.se\/en\/wp-json\/wp\/v2\/pages\/30656\/revisions\/30806"}],"wp:featuredmedia":[{"embeddable":true,"href":"https:\/\/ofab.se\/en\/wp-json\/wp\/v2\/media\/30622"}],"wp:attachment":[{"href":"https:\/\/ofab.se\/en\/wp-json\/wp\/v2\/media?parent=30656"}],"curies":[{"name":"wp","href":"https:\/\/api.w.org\/{rel}","templated":true}]}}